{"id":3084,"date":"2022-07-10T14:54:00","date_gmt":"2022-07-10T12:54:00","guid":{"rendered":"https:\/\/gwadametalcaraibes.com\/?page_id=3084"},"modified":"2022-07-10T15:04:11","modified_gmt":"2022-07-10T13:04:11","slug":"mentions-legales","status":"publish","type":"page","link":"https:\/\/gwadametalcaraibes.com\/index.php\/mentions-legales\/","title":{"rendered":"Mentions L\u00e9gales"},"content":{"rendered":"\t\t<div data-elementor-type=\"wp-page\" data-elementor-id=\"3084\" class=\"elementor elementor-3084\">\n\t\t\t\t\t\t\t\t\t<section class=\"elementor-section elementor-top-section elementor-element elementor-element-a54213d elementor-section-boxed elementor-section-height-default elementor-section-height-default\" data-id=\"a54213d\" data-element_type=\"section\">\n\t\t\t\t\t\t<div class=\"elementor-container elementor-column-gap-default\">\n\t\t\t\t\t<div class=\"elementor-column elementor-col-100 elementor-top-column elementor-element elementor-element-dd5e488\" data-id=\"dd5e488\" data-element_type=\"column\">\n\t\t\t<div class=\"elementor-widget-wrap elementor-element-populated\">\n\t\t\t\t\t\t\t\t<div class=\"elementor-element elementor-element-ccc1a96 elementor-widget elementor-widget-heading\" data-id=\"ccc1a96\" data-element_type=\"widget\" data-widget_type=\"heading.default\">\n\t\t\t\t<div class=\"elementor-widget-container\">\n\t\t\t<style>\/*! elementor - v3.18.0 - 20-12-2023 *\/\n.elementor-heading-title{padding:0;margin:0;line-height:1}.elementor-widget-heading .elementor-heading-title[class*=elementor-size-]>a{color:inherit;font-size:inherit;line-height:inherit}.elementor-widget-heading .elementor-heading-title.elementor-size-small{font-size:15px}.elementor-widget-heading .elementor-heading-title.elementor-size-medium{font-size:19px}.elementor-widget-heading .elementor-heading-title.elementor-size-large{font-size:29px}.elementor-widget-heading .elementor-heading-title.elementor-size-xl{font-size:39px}.elementor-widget-heading .elementor-heading-title.elementor-size-xxl{font-size:59px}<\/style><h2 class=\"elementor-heading-title elementor-size-default elementor-heading-title elementor-size-default\"><p>Les mentions l\u00e9gales<\/p><\/h2>\t\t<\/div>\n\t\t\t\t<\/div>\n\t\t\t\t\t<\/div>\n\t\t<\/div>\n\t\t\t\t\t\t\t<\/div>\n\t\t<\/section>\n\t\t\t\t<section class=\"elementor-section elementor-top-section elementor-element elementor-element-e5c689d elementor-section-boxed elementor-section-height-default elementor-section-height-default\" data-id=\"e5c689d\" data-element_type=\"section\">\n\t\t\t\t\t\t<div class=\"elementor-container elementor-column-gap-default\">\n\t\t\t\t\t<div class=\"elementor-column elementor-col-100 elementor-top-column elementor-element elementor-element-c91a2a5\" data-id=\"c91a2a5\" data-element_type=\"column\">\n\t\t\t<div class=\"elementor-widget-wrap elementor-element-populated\">\n\t\t\t\t\t\t\t\t<div class=\"elementor-element elementor-element-a144eb1 elementor-widget elementor-widget-text-editor\" data-id=\"a144eb1\" data-element_type=\"widget\" data-widget_type=\"text-editor.default\">\n\t\t\t\t<div class=\"elementor-widget-container\">\n\t\t\t<style>\/*! elementor - v3.18.0 - 20-12-2023 *\/\n.elementor-widget-text-editor.elementor-drop-cap-view-stacked .elementor-drop-cap{background-color:#69727d;color:#fff}.elementor-widget-text-editor.elementor-drop-cap-view-framed .elementor-drop-cap{color:#69727d;border:3px solid;background-color:transparent}.elementor-widget-text-editor:not(.elementor-drop-cap-view-default) .elementor-drop-cap{margin-top:8px}.elementor-widget-text-editor:not(.elementor-drop-cap-view-default) .elementor-drop-cap-letter{width:1em;height:1em}.elementor-widget-text-editor .elementor-drop-cap{float:left;text-align:center;line-height:1;font-size:50px}.elementor-widget-text-editor .elementor-drop-cap-letter{display:inline-block}<\/style>\t\t\t\t<p>Conform\u00e9ment aux dispositions des Articles 6-III et 19 de la Loi n\u00b02004-575 du 21 juin 2004 pour la Confiance dans l\u2019\u00e9conomie num\u00e9rique, dite L.C.E.N., il est port\u00e9 \u00e0 la connaissance des Utilisateurs du site les pr\u00e9sentes mentions l\u00e9gales.<\/p><p>La connexion et la navigation sur le site gwadam\u00e9talcaraibes.com\u00a0par l\u2019Utilisateur implique acceptation int\u00e9grale et sans r\u00e9serve des pr\u00e9sentes mentions l\u00e9gales.<\/p><p>Ces derni\u00e8res sont accessibles sur le site \u00e0 la rubrique \u00ab Mentions l\u00e9gales \u00bb.<\/p><p><strong>ARTICLE 1 : L\u2019\u00e9diteur<\/strong><\/p><p>L\u2019\u00e9dition du site\u00a0est assur\u00e9e par By Auri Studio.<\/p><p>Le directeur de la publication est Katarina RILOS<\/p><p><strong>ARTICLE 2 : L\u2019h\u00e9bergeur<\/strong><\/p><p>La soci\u00e9t\u00e9 Hostinger dont le si\u00e8ge social est situ\u00e9 \u00e0 HOSTINGER\u00a0INTERNATIONAL LTD, 61 Lordou Vironos Street, 6023 Larnaca, Chypre.<\/p><p><strong>ARTICLE 3 : Acc\u00e8s au site<\/strong><\/p><p>Le site est accessible par tout endroit, 7j\/7, 24h\/24 sauf cas de force majeure, interruption programm\u00e9e ou non et pouvant d\u00e9coulant d\u2019une n\u00e9cessit\u00e9 de maintenance.<\/p><p>En cas de modification, interruption ou suspension des services le site <a href=\"http:\/\/www.planet-abri.com\/\">www<\/a>.gwadam\u00e9talcaraibes.com\u00a0ne saurait \u00eatre tenu responsable.<\/p><p><strong>ARTICLE 4 : Collecte des donn\u00e9es<\/strong><\/p><p>Le site assure \u00e0 l\u2019Utilisateur une collecte et un traitement d\u2019informations personnelles dans le respect de la vie priv\u00e9e conform\u00e9ment \u00e0 la loi n\u00b078-17 du 6 janvier 1978 relative \u00e0 l\u2019informatique, aux fichiers et aux libert\u00e9s.<\/p><p>En vertu de la loi Informatique et Libert\u00e9s, en date du 6 janvier 1978, l\u2019Utilisateur dispose d\u2019un droit d\u2019acc\u00e8s, de rectification, de suppression et d\u2019opposition de ses donn\u00e9es personnelles. L\u2019Utilisateur exerce ce droit : par gwadametalcaraibes@gmail.com<\/p><p><strong>ARTICLE 5 : Cookies<\/strong><\/p><p>L\u2019Utilisateur est inform\u00e9 que lors de ses visites sur le site, un cookie peut s\u2019installer automatiquement sur son logiciel de navigation.<\/p><p>En naviguant sur le site, il les accepte.<\/p><p>Un cookie est un \u00e9l\u00e9ment qui ne permet pas d\u2019identifier l\u2019Utilisateur mais sert \u00e0 enregistrer des informations relatives \u00e0 la navigation de celui-ci sur le site Internet.<\/p><p>L\u2019utilisateur pourra d\u00e9sactiver ce cookie par l\u2019interm\u00e9diaire des param\u00e8tres figurant au sein de son logiciel de navigation.<\/p><p><strong>ARTICLE 6 : Propri\u00e9t\u00e9 intellectuelle<\/strong><\/p><p>Toute utilisation, reproduction, diffusion, commercialisation, modification de toute ou partie du site\u00a0, sans autorisation de l\u2019Editeur est prohib\u00e9e et pourra entra\u00eener des actions et poursuites judiciaires telles que notamment pr\u00e9vues par le Code de la propri\u00e9t\u00e9 intellectuelle et le Code civil.<\/p><p><strong>ARTICLE 7 : Le vendeur<\/strong><\/p><p>\u00a0<\/p><p>L\u2019entreprise commerciale Gwada M\u00e9tal Cara\u00efbes, Soci\u00e9t\u00e9 par actions Simplifi\u00e9es immatricul\u00e9e au RCS de Pointe \u00e0 pitre, sous le num\u00e9ro 901 722 654, repr\u00e9sent\u00e9e par Madame Katarina RILOS en qualit\u00e9 de pr\u00e9sidente, d\u00fbment habilit\u00e9e aux fins des pr\u00e9sentes.<\/p>\t\t\t\t\t\t<\/div>\n\t\t\t\t<\/div>\n\t\t\t\t\t<\/div>\n\t\t<\/div>\n\t\t\t\t\t\t\t<\/div>\n\t\t<\/section>\n\t\t\t\t\t\t\t<\/div>\n\t\t","protected":false},"excerpt":{"rendered":"<p>Les mentions l\u00e9gales Conform\u00e9ment aux dispositions des Articles 6-III et 19 de la Loi n\u00b02004-575 du 21 juin&#8230;<\/p>\n","protected":false},"author":1,"featured_media":0,"parent":0,"menu_order":0,"comment_status":"closed","ping_status":"closed","template":"","meta":{"om_disable_all_campaigns":false,"_monsterinsights_skip_tracking":false,"_monsterinsights_sitenote_active":false,"_monsterinsights_sitenote_note":"","_monsterinsights_sitenote_category":0,"footnotes":""},"class_list":["post-3084","page","type-page","status-publish","hentry"],"aioseo_notices":[],"yoast_head":"<!-- This site is optimized with the Yoast SEO plugin v21.9.1 - https:\/\/yoast.com\/wordpress\/plugins\/seo\/ -->\n<title>Mentions L\u00e9gales - Gwada M\u00e9tal Cara\u00efbes<\/title>\n<meta name=\"robots\" content=\"index, follow, max-snippet:-1, max-image-preview:large, max-video-preview:-1\" \/>\n<link rel=\"canonical\" href=\"https:\/\/gwadametalcaraibes.com\/index.php\/mentions-legales\/\" \/>\n<meta property=\"og:locale\" content=\"en_US\" \/>\n<meta property=\"og:type\" content=\"article\" \/>\n<meta property=\"og:title\" content=\"Mentions L\u00e9gales - Gwada M\u00e9tal Cara\u00efbes\" \/>\n<meta property=\"og:description\" content=\"Les mentions l\u00e9gales Conform\u00e9ment aux dispositions des Articles 6-III et 19 de la Loi n\u00b02004-575 du 21 juin...\" \/>\n<meta property=\"og:url\" content=\"https:\/\/gwadametalcaraibes.com\/index.php\/mentions-legales\/\" \/>\n<meta property=\"og:site_name\" content=\"Gwada M\u00e9tal Cara\u00efbes\" \/>\n<meta property=\"article:modified_time\" content=\"2022-07-10T13:04:11+00:00\" \/>\n<meta name=\"twitter:card\" content=\"summary_large_image\" \/>\n<meta name=\"twitter:label1\" content=\"Est. reading time\" \/>\n\t<meta name=\"twitter:data1\" content=\"3 minutes\" \/>\n<script type=\"application\/ld+json\" class=\"yoast-schema-graph\">{\"@context\":\"https:\/\/schema.org\",\"@graph\":[{\"@type\":\"WebPage\",\"@id\":\"https:\/\/gwadametalcaraibes.com\/index.php\/mentions-legales\/\",\"url\":\"https:\/\/gwadametalcaraibes.com\/index.php\/mentions-legales\/\",\"name\":\"Mentions L\u00e9gales - Gwada M\u00e9tal Cara\u00efbes\",\"isPartOf\":{\"@id\":\"https:\/\/gwadametalcaraibes.com\/#website\"},\"datePublished\":\"2022-07-10T12:54:00+00:00\",\"dateModified\":\"2022-07-10T13:04:11+00:00\",\"breadcrumb\":{\"@id\":\"https:\/\/gwadametalcaraibes.com\/index.php\/mentions-legales\/#breadcrumb\"},\"inLanguage\":\"en-US\",\"potentialAction\":[{\"@type\":\"ReadAction\",\"target\":[\"https:\/\/gwadametalcaraibes.com\/index.php\/mentions-legales\/\"]}]},{\"@type\":\"BreadcrumbList\",\"@id\":\"https:\/\/gwadametalcaraibes.com\/index.php\/mentions-legales\/#breadcrumb\",\"itemListElement\":[{\"@type\":\"ListItem\",\"position\":1,\"name\":\"Accueil\",\"item\":\"https:\/\/gwadametalcaraibes.com\/\"},{\"@type\":\"ListItem\",\"position\":2,\"name\":\"Mentions L\u00e9gales\"}]},{\"@type\":\"WebSite\",\"@id\":\"https:\/\/gwadametalcaraibes.com\/#website\",\"url\":\"https:\/\/gwadametalcaraibes.com\/\",\"name\":\"Gwada M\u00e9tal Cara\u00efbes\",\"description\":\"Rapidit\u00e9, efficacit\u00e9, qualit\u00e9 \",\"publisher\":{\"@id\":\"https:\/\/gwadametalcaraibes.com\/#organization\"},\"potentialAction\":[{\"@type\":\"SearchAction\",\"target\":{\"@type\":\"EntryPoint\",\"urlTemplate\":\"https:\/\/gwadametalcaraibes.com\/?s={search_term_string}\"},\"query-input\":\"required name=search_term_string\"}],\"inLanguage\":\"en-US\"},{\"@type\":\"Organization\",\"@id\":\"https:\/\/gwadametalcaraibes.com\/#organization\",\"name\":\"Gwada M\u00e9tal Cara\u00efbes\",\"url\":\"https:\/\/gwadametalcaraibes.com\/\",\"logo\":{\"@type\":\"ImageObject\",\"inLanguage\":\"en-US\",\"@id\":\"https:\/\/gwadametalcaraibes.com\/#\/schema\/logo\/image\/\",\"url\":\"https:\/\/gwadametalcaraibes.com\/wp-content\/uploads\/2022\/07\/cropped-longo-transparent-avec-rond-1.png\",\"contentUrl\":\"https:\/\/gwadametalcaraibes.com\/wp-content\/uploads\/2022\/07\/cropped-longo-transparent-avec-rond-1.png\",\"width\":1080,\"height\":1080,\"caption\":\"Gwada M\u00e9tal Cara\u00efbes\"},\"image\":{\"@id\":\"https:\/\/gwadametalcaraibes.com\/#\/schema\/logo\/image\/\"}}]}<\/script>\n<!-- \/ Yoast SEO plugin. -->","yoast_head_json":{"title":"Mentions L\u00e9gales - Gwada M\u00e9tal Cara\u00efbes","robots":{"index":"index","follow":"follow","max-snippet":"max-snippet:-1","max-image-preview":"max-image-preview:large","max-video-preview":"max-video-preview:-1"},"canonical":"https:\/\/gwadametalcaraibes.com\/index.php\/mentions-legales\/","og_locale":"en_US","og_type":"article","og_title":"Mentions L\u00e9gales - Gwada M\u00e9tal Cara\u00efbes","og_description":"Les mentions l\u00e9gales Conform\u00e9ment aux dispositions des Articles 6-III et 19 de la Loi n\u00b02004-575 du 21 juin...","og_url":"https:\/\/gwadametalcaraibes.com\/index.php\/mentions-legales\/","og_site_name":"Gwada M\u00e9tal Cara\u00efbes","article_modified_time":"2022-07-10T13:04:11+00:00","twitter_card":"summary_large_image","twitter_misc":{"Est. reading time":"3 minutes"},"schema":{"@context":"https:\/\/schema.org","@graph":[{"@type":"WebPage","@id":"https:\/\/gwadametalcaraibes.com\/index.php\/mentions-legales\/","url":"https:\/\/gwadametalcaraibes.com\/index.php\/mentions-legales\/","name":"Mentions L\u00e9gales - Gwada M\u00e9tal Cara\u00efbes","isPartOf":{"@id":"https:\/\/gwadametalcaraibes.com\/#website"},"datePublished":"2022-07-10T12:54:00+00:00","dateModified":"2022-07-10T13:04:11+00:00","breadcrumb":{"@id":"https:\/\/gwadametalcaraibes.com\/index.php\/mentions-legales\/#breadcrumb"},"inLanguage":"en-US","potentialAction":[{"@type":"ReadAction","target":["https:\/\/gwadametalcaraibes.com\/index.php\/mentions-legales\/"]}]},{"@type":"BreadcrumbList","@id":"https:\/\/gwadametalcaraibes.com\/index.php\/mentions-legales\/#breadcrumb","itemListElement":[{"@type":"ListItem","position":1,"name":"Accueil","item":"https:\/\/gwadametalcaraibes.com\/"},{"@type":"ListItem","position":2,"name":"Mentions L\u00e9gales"}]},{"@type":"WebSite","@id":"https:\/\/gwadametalcaraibes.com\/#website","url":"https:\/\/gwadametalcaraibes.com\/","name":"Gwada M\u00e9tal Cara\u00efbes","description":"Rapidit\u00e9, efficacit\u00e9, qualit\u00e9 ","publisher":{"@id":"https:\/\/gwadametalcaraibes.com\/#organization"},"potentialAction":[{"@type":"SearchAction","target":{"@type":"EntryPoint","urlTemplate":"https:\/\/gwadametalcaraibes.com\/?s={search_term_string}"},"query-input":"required name=search_term_string"}],"inLanguage":"en-US"},{"@type":"Organization","@id":"https:\/\/gwadametalcaraibes.com\/#organization","name":"Gwada M\u00e9tal Cara\u00efbes","url":"https:\/\/gwadametalcaraibes.com\/","logo":{"@type":"ImageObject","inLanguage":"en-US","@id":"https:\/\/gwadametalcaraibes.com\/#\/schema\/logo\/image\/","url":"https:\/\/gwadametalcaraibes.com\/wp-content\/uploads\/2022\/07\/cropped-longo-transparent-avec-rond-1.png","contentUrl":"https:\/\/gwadametalcaraibes.com\/wp-content\/uploads\/2022\/07\/cropped-longo-transparent-avec-rond-1.png","width":1080,"height":1080,"caption":"Gwada M\u00e9tal Cara\u00efbes"},"image":{"@id":"https:\/\/gwadametalcaraibes.com\/#\/schema\/logo\/image\/"}}]}},"_links":{"self":[{"href":"https:\/\/gwadametalcaraibes.com\/index.php\/wp-json\/wp\/v2\/pages\/3084","targetHints":{"allow":["GET"]}}],"collection":[{"href":"https:\/\/gwadametalcaraibes.com\/index.php\/wp-json\/wp\/v2\/pages"}],"about":[{"href":"https:\/\/gwadametalcaraibes.com\/index.php\/wp-json\/wp\/v2\/types\/page"}],"author":[{"embeddable":true,"href":"https:\/\/gwadametalcaraibes.com\/index.php\/wp-json\/wp\/v2\/users\/1"}],"replies":[{"embeddable":true,"href":"https:\/\/gwadametalcaraibes.com\/index.php\/wp-json\/wp\/v2\/comments?post=3084"}],"version-history":[{"count":8,"href":"https:\/\/gwadametalcaraibes.com\/index.php\/wp-json\/wp\/v2\/pages\/3084\/revisions"}],"predecessor-version":[{"id":3092,"href":"https:\/\/gwadametalcaraibes.com\/index.php\/wp-json\/wp\/v2\/pages\/3084\/revisions\/3092"}],"wp:attachment":[{"href":"https:\/\/gwadametalcaraibes.com\/index.php\/wp-json\/wp\/v2\/media?parent=3084"}],"curies":[{"name":"wp","href":"https:\/\/api.w.org\/{rel}","templated":true}]}}