{"id":350,"date":"2018-07-28T16:07:51","date_gmt":"2018-07-28T14:07:51","guid":{"rendered":"https:\/\/manufacturer.stylemixthemes.com\/industrial4\/?page_id=350"},"modified":"2024-02-05T00:08:23","modified_gmt":"2024-02-04T23:08:23","slug":"contact","status":"publish","type":"page","link":"https:\/\/gwadametalcaraibes.com\/index.php\/contact\/","title":{"rendered":"Contact"},"content":{"rendered":"\t\t<div data-elementor-type=\"wp-post\" data-elementor-id=\"350\" class=\"elementor elementor-350\">\n\t\t\t\t\t\t\t\t\t<section class=\"elementor-section elementor-top-section elementor-element elementor-element-8afbf2f elementor-section-full_width elementor-section-stretched elementor-section-height-default elementor-section-height-default\" data-id=\"8afbf2f\" data-element_type=\"section\" data-settings=\"{&quot;stretch_section&quot;:&quot;section-stretched&quot;}\">\n\t\t\t\t\t\t<div class=\"elementor-container elementor-column-gap-default\">\n\t\t\t\t\t<div class=\"elementor-column elementor-col-100 elementor-top-column elementor-element elementor-element-ffa0a14\" data-id=\"ffa0a14\" data-element_type=\"column\">\n\t\t\t<div class=\"elementor-widget-wrap elementor-element-populated\">\n\t\t\t\t\t\t\t\t<div class=\"elementor-element elementor-element-afd5cb7 elementor-widget elementor-widget-google_maps\" data-id=\"afd5cb7\" data-element_type=\"widget\" data-widget_type=\"google_maps.default\">\n\t\t\t\t<div class=\"elementor-widget-container\">\n\t\t\t<style>\/*! elementor - v3.18.0 - 20-12-2023 *\/\n.elementor-widget-google_maps .elementor-widget-container{overflow:hidden}.elementor-widget-google_maps .elementor-custom-embed{line-height:0}.elementor-widget-google_maps iframe{height:300px}<\/style>\t\t<div class=\"elementor-custom-embed\">\n\t\t\t<iframe loading=\"lazy\"\n\t\t\t\t\tsrc=\"https:\/\/maps.google.com\/maps?q=Rue%20de%20Blanchard%20Abymes%2097139&#038;t=m&#038;z=10&#038;output=embed&#038;iwloc=near\"\n\t\t\t\t\ttitle=\"Rue de Blanchard Abymes 97139\"\n\t\t\t\t\taria-label=\"Rue de Blanchard Abymes 97139\"\n\t\t\t><\/iframe>\n\t\t<\/div>\n\t\t\t\t<\/div>\n\t\t\t\t<\/div>\n\t\t\t\t\t<\/div>\n\t\t<\/div>\n\t\t\t\t\t\t\t<\/div>\n\t\t<\/section>\n\t\t\t\t<section class=\"elementor-section elementor-top-section elementor-element elementor-element-44392ed elementor-section-stretched elementor-section-boxed elementor-section-height-default elementor-section-height-default elementor-invisible\" data-id=\"44392ed\" data-element_type=\"section\" data-settings=\"{&quot;animation&quot;:&quot;fadeInDown&quot;,&quot;stretch_section&quot;:&quot;section-stretched&quot;}\">\n\t\t\t\t\t\t<div class=\"elementor-container elementor-column-gap-default\">\n\t\t\t\t\t<div class=\"elementor-column elementor-col-50 elementor-top-column elementor-element elementor-element-343bc27\" data-id=\"343bc27\" data-element_type=\"column\">\n\t\t\t<div class=\"elementor-widget-wrap elementor-element-populated\">\n\t\t\t\t\t\t\t\t<div class=\"elementor-element elementor-element-33e8b88 elementor-widget elementor-widget-heading\" data-id=\"33e8b88\" data-element_type=\"widget\" data-widget_type=\"heading.default\">\n\t\t\t\t<div class=\"elementor-widget-container\">\n\t\t\t<style>\/*! elementor - v3.18.0 - 20-12-2023 *\/\n.elementor-heading-title{padding:0;margin:0;line-height:1}.elementor-widget-heading .elementor-heading-title[class*=elementor-size-]>a{color:inherit;font-size:inherit;line-height:inherit}.elementor-widget-heading .elementor-heading-title.elementor-size-small{font-size:15px}.elementor-widget-heading .elementor-heading-title.elementor-size-medium{font-size:19px}.elementor-widget-heading .elementor-heading-title.elementor-size-large{font-size:29px}.elementor-widget-heading .elementor-heading-title.elementor-size-xl{font-size:39px}.elementor-widget-heading .elementor-heading-title.elementor-size-xxl{font-size:59px}<\/style><h2 class=\"elementor-heading-title elementor-size-default elementor-heading-title elementor-size-default elementor-align-after-left\">Vous avez des questions ?\n\n<br>Ecrivez-nous !<\/h2>\t\t<\/div>\n\t\t\t\t<\/div>\n\t\t\t\t<div class=\"elementor-element elementor-element-1bef003 elementor-widget elementor-widget-heading\" data-id=\"1bef003\" data-element_type=\"widget\" data-widget_type=\"heading.default\">\n\t\t\t\t<div class=\"elementor-widget-container\">\n\t\t\t<span class=\"elementor-heading-title elementor-size-default elementor-heading-title elementor-size-default\"><i class=\"ti-mobile\"><\/i><span><b>0690 76 33 39<\/b><br>\nN'h\u00e9sitez-pas \u00e0 nous appeler !<\/span><\/span>\t\t<\/div>\n\t\t\t\t<\/div>\n\t\t\t\t<div class=\"elementor-element elementor-element-5369b3e elementor-widget elementor-widget-heading\" data-id=\"5369b3e\" data-element_type=\"widget\" data-widget_type=\"heading.default\">\n\t\t\t\t<div class=\"elementor-widget-container\">\n\t\t\t<span class=\"elementor-heading-title elementor-size-default elementor-heading-title elementor-size-default\"><i class=\"ti-location-pin\"><\/i><span><b>E-mail<\/b><br>\ngwadametalcaraibes@gmail.com<\/span><\/span>\t\t<\/div>\n\t\t\t\t<\/div>\n\t\t\t\t\t<\/div>\n\t\t<\/div>\n\t\t\t\t<div class=\"elementor-column elementor-col-50 elementor-top-column elementor-element elementor-element-26b0293\" data-id=\"26b0293\" data-element_type=\"column\">\n\t\t\t<div class=\"elementor-widget-wrap elementor-element-populated\">\n\t\t\t\t\t\t\t\t<div class=\"elementor-element elementor-element-d11b1ca elementor-widget elementor-widget-shortcode\" data-id=\"d11b1ca\" data-element_type=\"widget\" data-widget_type=\"shortcode.default\">\n\t\t\t\t<div class=\"elementor-widget-container\">\n\t\t\t\t\t<div class=\"elementor-shortcode\"><div class=\"wpforms-container wpforms-container-full\" id=\"wpforms-3428\"><form id=\"wpforms-form-3428\" class=\"wpforms-validate wpforms-form wpforms-ajax-form\" data-formid=\"3428\" method=\"post\" enctype=\"multipart\/form-data\" action=\"\/index.php\/wp-json\/wp\/v2\/pages\/350\" data-token=\"aa69fb91c72306cf31b175170174f5dd\"><noscript class=\"wpforms-error-noscript\">Please enable JavaScript in your browser to complete this form.<\/noscript><div class=\"wpforms-field-container\"><div id=\"wpforms-3428-field_0-container\" class=\"wpforms-field wpforms-field-name\" data-field-id=\"0\"><label class=\"wpforms-field-label wpforms-label-hide\" for=\"wpforms-3428-field_0\">Nom <span class=\"wpforms-required-label\">*<\/span><\/label><div class=\"wpforms-field-row wpforms-field-large\"><div class=\"wpforms-field-row-block wpforms-first wpforms-one-half\"><input type=\"text\" id=\"wpforms-3428-field_0\" class=\"wpforms-field-name-first wpforms-field-required\" name=\"wpforms[fields][0][first]\" placeholder=\"Nom\" required><label for=\"wpforms-3428-field_0\" class=\"wpforms-field-sublabel after wpforms-sublabel-hide\">First<\/label><\/div><div class=\"wpforms-field-row-block wpforms-one-half\"><input type=\"text\" id=\"wpforms-3428-field_0-last\" class=\"wpforms-field-name-last wpforms-field-required\" name=\"wpforms[fields][0][last]\" placeholder=\"Pr\u00e9nom\" required><label for=\"wpforms-3428-field_0-last\" class=\"wpforms-field-sublabel after wpforms-sublabel-hide\">Last<\/label><\/div><\/div><\/div><div id=\"wpforms-3428-field_3-container\" class=\"wpforms-field wpforms-field-name\" data-field-id=\"3\"><label class=\"wpforms-field-label wpforms-label-hide\" for=\"wpforms-3428-field_3\">E-mail et t\u00e9l\u00e9phone <span class=\"wpforms-required-label\">*<\/span><\/label><div class=\"wpforms-field-row wpforms-field-large\"><div class=\"wpforms-field-row-block wpforms-first wpforms-one-half\"><input type=\"text\" id=\"wpforms-3428-field_3\" class=\"wpforms-field-name-first wpforms-field-required\" name=\"wpforms[fields][3][first]\" placeholder=\"E-mail\" required><label for=\"wpforms-3428-field_3\" class=\"wpforms-field-sublabel after wpforms-sublabel-hide\">First<\/label><\/div><div class=\"wpforms-field-row-block wpforms-one-half\"><input type=\"text\" id=\"wpforms-3428-field_3-last\" class=\"wpforms-field-name-last wpforms-field-required\" name=\"wpforms[fields][3][last]\" placeholder=\"T\u00e9l\u00e9phone\" required><label for=\"wpforms-3428-field_3-last\" class=\"wpforms-field-sublabel after wpforms-sublabel-hide\">Last<\/label><\/div><\/div><\/div><div id=\"wpforms-3428-field_2-container\" class=\"wpforms-field wpforms-field-textarea\" data-field-id=\"2\"><label class=\"wpforms-field-label wpforms-label-hide\" for=\"wpforms-3428-field_2\">Commentaire ou message <span class=\"wpforms-required-label\">*<\/span><\/label><textarea id=\"wpforms-3428-field_2\" class=\"wpforms-field-medium wpforms-field-required\" name=\"wpforms[fields][2]\" placeholder=\"Votre message\" required><\/textarea><\/div><\/div><!-- .wpforms-field-container --><div class=\"wpforms-submit-container\" ><input type=\"hidden\" name=\"wpforms[id]\" value=\"3428\"><input type=\"hidden\" name=\"wpforms[author]\" value=\"1\"><button type=\"submit\" name=\"wpforms[submit]\" id=\"wpforms-submit-3428\" class=\"wpforms-submit\" data-alt-text=\"Envoi...\" data-submit-text=\"Envoyer\" aria-live=\"assertive\" value=\"wpforms-submit\">Envoyer<\/button><img decoding=\"async\" src=\"https:\/\/gwadametalcaraibes.com\/wp-content\/plugins\/wpforms-lite\/assets\/images\/submit-spin.svg\" class=\"wpforms-submit-spinner\" style=\"display: none;\" width=\"26\" height=\"26\" alt=\"Loading\"><\/div><\/form><\/div>  <!-- .wpforms-container --><\/div>\n\t\t\t\t<\/div>\n\t\t\t\t<\/div>\n\t\t\t\t\t<\/div>\n\t\t<\/div>\n\t\t\t\t\t\t\t<\/div>\n\t\t<\/section>\n\t\t\t\t<section class=\"elementor-section elementor-top-section elementor-element elementor-element-6cc2148 elementor-section-stretched elementor-section-boxed elementor-section-height-default elementor-section-height-default\" data-id=\"6cc2148\" data-element_type=\"section\" data-settings=\"{&quot;stretch_section&quot;:&quot;section-stretched&quot;}\">\n\t\t\t\t\t\t<div class=\"elementor-container elementor-column-gap-default\">\n\t\t\t\t\t<div class=\"elementor-column elementor-col-50 elementor-top-column elementor-element elementor-element-149420f elementor-invisible\" data-id=\"149420f\" data-element_type=\"column\" data-settings=\"{&quot;animation&quot;:&quot;fadeInLeft&quot;,&quot;animation_delay&quot;:200}\">\n\t\t\t<div class=\"elementor-widget-wrap elementor-element-populated\">\n\t\t\t\t\t\t\t\t<div class=\"elementor-element elementor-element-58e29eb elementor-widget elementor-widget-image\" data-id=\"58e29eb\" data-element_type=\"widget\" data-widget_type=\"image.default\">\n\t\t\t\t<div class=\"elementor-widget-container\">\n\t\t\t<style>\/*! elementor - v3.18.0 - 20-12-2023 *\/\n.elementor-widget-image{text-align:center}.elementor-widget-image a{display:inline-block}.elementor-widget-image a img[src$=\".svg\"]{width:48px}.elementor-widget-image img{vertical-align:middle;display:inline-block}<\/style>\t\t\t\t\t\t\t\t\t\t\t\t<img decoding=\"async\" src=\"https:\/\/gwadametalcaraibes.com\/wp-content\/uploads\/elementor\/thumbs\/Gwada-Metal-Caraibes-prj1nrxo04z3xlz2jp3w3tl5x4o9wcy5nc7jt9bngo.png\" title=\"Gwada M\u00e9tal Cara\u00efbes\" alt=\"Gwada M\u00e9tal Cara\u00efbes\" loading=\"lazy\" \/>\t\t\t\t\t\t\t\t\t\t\t\t\t\t\t<\/div>\n\t\t\t\t<\/div>\n\t\t\t\t\t<\/div>\n\t\t<\/div>\n\t\t\t\t<div class=\"elementor-column elementor-col-50 elementor-top-column elementor-element elementor-element-b1ca36d elementor-invisible\" data-id=\"b1ca36d\" data-element_type=\"column\" data-settings=\"{&quot;animation&quot;:&quot;fadeInRight&quot;}\">\n\t\t\t<div class=\"elementor-widget-wrap elementor-element-populated\">\n\t\t\t\t\t\t\t\t<div class=\"elementor-element elementor-element-aa49f1e elementor-widget elementor-widget-heading\" data-id=\"aa49f1e\" data-element_type=\"widget\" data-widget_type=\"heading.default\">\n\t\t\t\t<div class=\"elementor-widget-container\">\n\t\t\t<h2 class=\"elementor-heading-title elementor-size-default elementor-heading-title elementor-size-default elementor-align-after-mobile-center\">Notre atelier<\/h2>\t\t<\/div>\n\t\t\t\t<\/div>\n\t\t\t\t<div class=\"elementor-element elementor-element-0cc528b elementor-widget elementor-widget-text-editor\" data-id=\"0cc528b\" data-element_type=\"widget\" data-widget_type=\"text-editor.default\">\n\t\t\t\t<div class=\"elementor-widget-container\">\n\t\t\t<style>\/*! elementor - v3.18.0 - 20-12-2023 *\/\n.elementor-widget-text-editor.elementor-drop-cap-view-stacked .elementor-drop-cap{background-color:#69727d;color:#fff}.elementor-widget-text-editor.elementor-drop-cap-view-framed .elementor-drop-cap{color:#69727d;border:3px solid;background-color:transparent}.elementor-widget-text-editor:not(.elementor-drop-cap-view-default) .elementor-drop-cap{margin-top:8px}.elementor-widget-text-editor:not(.elementor-drop-cap-view-default) .elementor-drop-cap-letter{width:1em;height:1em}.elementor-widget-text-editor .elementor-drop-cap{float:left;text-align:center;line-height:1;font-size:50px}.elementor-widget-text-editor .elementor-drop-cap-letter{display:inline-block}<\/style>\t\t\t\t<p>Nous disposons d&#8217;un atelier de fabrication o\u00f9 nous r\u00e9alisons le fa\u00e7onnage, le d\u00e9coupage et le pliage de vos ouvrages m\u00e9talliques, afin d&#8217;honorer vos commandes dans les meilleurs d\u00e9lais.<\/p>\t\t\t\t\t\t<\/div>\n\t\t\t\t<\/div>\n\t\t\t\t<div class=\"elementor-element elementor-element-f38d1ae elementor-widget elementor-widget-heading\" data-id=\"f38d1ae\" data-element_type=\"widget\" data-widget_type=\"heading.default\">\n\t\t\t\t<div class=\"elementor-widget-container\">\n\t\t\t<span class=\"elementor-heading-title elementor-size-default elementor-heading-title elementor-size-default\"><i class=\"ti-location-pin\"><\/i><span><b>Notre adresse<\/b><br>\nGwada M\u00e9tal Cara\u00efbes, Rue Timoth\u00e9 Gendrey <br> Blanchard Abymes 97139<\/span><\/span>\t\t<\/div>\n\t\t\t\t<\/div>\n\t\t\t\t<div class=\"elementor-element elementor-element-a012f71 elementor-widget elementor-widget-heading\" data-id=\"a012f71\" data-element_type=\"widget\" data-widget_type=\"heading.default\">\n\t\t\t\t<div class=\"elementor-widget-container\">\n\t\t\t<span class=\"elementor-heading-title elementor-size-default elementor-heading-title elementor-size-default\"><i class=\"ti-location-pin\"><\/i><span><b>Nos horaires<\/b><br>\nLundi - Vendredi : 7:00 - 14:00 \n<br> Ferm\u00e9 le week-end <\/span><\/span>\t\t<\/div>\n\t\t\t\t<\/div>\n\t\t\t\t\t<\/div>\n\t\t<\/div>\n\t\t\t\t\t\t\t<\/div>\n\t\t<\/section>\n\t\t\t\t<section class=\"elementor-section elementor-top-section elementor-element elementor-element-21ab033b elementor-section-stretched elementor-section-boxed elementor-section-height-default elementor-section-height-default\" data-id=\"21ab033b\" data-element_type=\"section\" id=\"xs_cta_style_12\" data-settings=\"{&quot;stretch_section&quot;:&quot;section-stretched&quot;}\">\n\t\t\t\t\t\t<div class=\"elementor-container elementor-column-gap-default\">\n\t\t\t\t\t<div class=\"elementor-column elementor-col-100 elementor-top-column elementor-element elementor-element-712dcc9d\" data-id=\"712dcc9d\" data-element_type=\"column\">\n\t\t\t<div class=\"elementor-widget-wrap elementor-element-populated\">\n\t\t\t\t\t\t\t\t<section class=\"elementor-section elementor-inner-section elementor-element elementor-element-3500458 elementor-section-full_width elementor-section-height-default elementor-section-height-default\" data-id=\"3500458\" data-element_type=\"section\">\n\t\t\t\t\t\t<div class=\"elementor-container elementor-column-gap-default\">\n\t\t\t\t\t<div class=\"elementor-column elementor-col-50 elementor-inner-column elementor-element elementor-element-1e6aba0c\" data-id=\"1e6aba0c\" data-element_type=\"column\">\n\t\t\t<div class=\"elementor-widget-wrap elementor-element-populated\">\n\t\t\t\t\t\t\t\t<div class=\"elementor-element elementor-element-7f97b6a1 elementor-widget elementor-widget-elementskit-heading\" data-id=\"7f97b6a1\" data-element_type=\"widget\" data-widget_type=\"elementskit-heading.default\">\n\t\t\t\t<div class=\"elementor-widget-container\">\n\t\t\t<div class=\"ekit-wid-con\" ><div class=\"ekit-heading elementskit-section-title-wraper text_left   ekit_heading_tablet-   ekit_heading_mobile-\"><h2 class=\"ekit-heading--title elementskit-section-title \">Suivez-nous sur <span><span>nos r\u00e9seaux sociaux !<\/span><\/span><\/h2>\t\t\t\t<div class='ekit-heading__description'>\n\t\t\t\t\t<p><span style=\"font-weight: 400\">Nous sommes pr\u00e9sents sur Facebook, Instagram et Linkedin, n'h\u00e9sitez pas \u00e0 vous abonner !<\/span><\/p>\n\t\t\t\t<\/div>\n\t\t\t<\/div><\/div>\t\t<\/div>\n\t\t\t\t<\/div>\n\t\t\t\t\t<\/div>\n\t\t<\/div>\n\t\t\t\t<div class=\"elementor-column elementor-col-50 elementor-inner-column elementor-element elementor-element-5bb5f297\" data-id=\"5bb5f297\" data-element_type=\"column\">\n\t\t\t<div class=\"elementor-widget-wrap elementor-element-populated\">\n\t\t\t\t\t\t\t\t<div class=\"elementor-element elementor-element-744b37b1 elementor-widget elementor-widget-elementskit-button\" data-id=\"744b37b1\" data-element_type=\"widget\" data-widget_type=\"elementskit-button.default\">\n\t\t\t\t<div class=\"elementor-widget-container\">\n\t\t\t<div class=\"ekit-wid-con\" >\t\t<div class=\"ekit-btn-wraper\">\n\t\t\t\t\t\t\t<a href=\"https:\/\/gwadametalcaraibes.com\/index.php\/nos-reseaux-sociaux\/\" class=\"elementskit-btn  whitespace--normal\" >\n\t\t\t\t\tNos r\u00e9seaux sociaux\n\t\t\t\t\t<i aria-hidden=\"true\" class=\"fasicon icon-right-arrow\"><\/i>\n\t\t\t\t<\/a>\n\t\t\t\t\t\t<\/div>\n        <\/div>\t\t<\/div>\n\t\t\t\t<\/div>\n\t\t\t\t\t<\/div>\n\t\t<\/div>\n\t\t\t\t\t\t\t<\/div>\n\t\t<\/section>\n\t\t\t\t\t<\/div>\n\t\t<\/div>\n\t\t\t\t\t\t\t<\/div>\n\t\t<\/section>\n\t\t\t\t\t\t\t<\/div>\n\t\t","protected":false},"excerpt":{"rendered":"<p>Vous avez des questions ? Ecrivez-nous ! 0690 76 33 39 N&#8217;h\u00e9sitez-pas \u00e0 nous appeler ! E-mail gwadametalcaraibes@gmail.com&#8230;<\/p>\n","protected":false},"author":1,"featured_media":0,"parent":0,"menu_order":0,"comment_status":"closed","ping_status":"closed","template":"","meta":{"om_disable_all_campaigns":false,"_monsterinsights_skip_tracking":false,"_monsterinsights_sitenote_active":false,"_monsterinsights_sitenote_note":"","_monsterinsights_sitenote_category":0,"footnotes":""},"class_list":["post-350","page","type-page","status-publish","hentry"],"aioseo_notices":[],"yoast_head":"<!-- This site is optimized with the Yoast SEO plugin v21.9.1 - https:\/\/yoast.com\/wordpress\/plugins\/seo\/ -->\n<title>Contact - Gwada M\u00e9tal Cara\u00efbes<\/title>\n<meta name=\"description\" content=\"Vous souhaitez avoir plus de renseignements sur nos services de fabrication et de pose d&#039;ouvrage m\u00e9tallurgique ? contactez-nous !\" \/>\n<meta name=\"robots\" content=\"index, follow, max-snippet:-1, max-image-preview:large, max-video-preview:-1\" \/>\n<link rel=\"canonical\" href=\"https:\/\/gwadametalcaraibes.com\/index.php\/contact\/\" \/>\n<meta property=\"og:locale\" content=\"en_US\" \/>\n<meta property=\"og:type\" content=\"article\" \/>\n<meta property=\"og:title\" content=\"Contact - Gwada M\u00e9tal Cara\u00efbes\" \/>\n<meta property=\"og:description\" content=\"Vous souhaitez avoir plus de renseignements sur nos services de fabrication et de pose d&#039;ouvrage m\u00e9tallurgique ? contactez-nous !\" \/>\n<meta property=\"og:url\" content=\"https:\/\/gwadametalcaraibes.com\/index.php\/contact\/\" \/>\n<meta property=\"og:site_name\" content=\"Gwada M\u00e9tal Cara\u00efbes\" \/>\n<meta property=\"article:modified_time\" content=\"2024-02-04T23:08:23+00:00\" \/>\n<meta property=\"og:image\" content=\"https:\/\/gwadametalcaraibes.com\/wp-content\/uploads\/elementor\/thumbs\/Gwada-Metal-Caraibes-prj1nrxo04z3xlz2jp3w3tl5x4o9wcy5nc7jt9bngo.png\" \/>\n<meta name=\"twitter:card\" content=\"summary_large_image\" \/>\n<meta name=\"twitter:label1\" content=\"Est. reading time\" \/>\n\t<meta name=\"twitter:data1\" content=\"1 minute\" \/>\n<script type=\"application\/ld+json\" class=\"yoast-schema-graph\">{\"@context\":\"https:\/\/schema.org\",\"@graph\":[{\"@type\":\"WebPage\",\"@id\":\"https:\/\/gwadametalcaraibes.com\/index.php\/contact\/\",\"url\":\"https:\/\/gwadametalcaraibes.com\/index.php\/contact\/\",\"name\":\"Contact - Gwada M\u00e9tal Cara\u00efbes\",\"isPartOf\":{\"@id\":\"https:\/\/gwadametalcaraibes.com\/#website\"},\"datePublished\":\"2018-07-28T14:07:51+00:00\",\"dateModified\":\"2024-02-04T23:08:23+00:00\",\"description\":\"Vous souhaitez avoir plus de renseignements sur nos services de fabrication et de pose d'ouvrage m\u00e9tallurgique ? contactez-nous !\",\"breadcrumb\":{\"@id\":\"https:\/\/gwadametalcaraibes.com\/index.php\/contact\/#breadcrumb\"},\"inLanguage\":\"en-US\",\"potentialAction\":[{\"@type\":\"ReadAction\",\"target\":[\"https:\/\/gwadametalcaraibes.com\/index.php\/contact\/\"]}]},{\"@type\":\"BreadcrumbList\",\"@id\":\"https:\/\/gwadametalcaraibes.com\/index.php\/contact\/#breadcrumb\",\"itemListElement\":[{\"@type\":\"ListItem\",\"position\":1,\"name\":\"Accueil\",\"item\":\"https:\/\/gwadametalcaraibes.com\/\"},{\"@type\":\"ListItem\",\"position\":2,\"name\":\"Contact\"}]},{\"@type\":\"WebSite\",\"@id\":\"https:\/\/gwadametalcaraibes.com\/#website\",\"url\":\"https:\/\/gwadametalcaraibes.com\/\",\"name\":\"Gwada M\u00e9tal Cara\u00efbes\",\"description\":\"Rapidit\u00e9, efficacit\u00e9, qualit\u00e9 \",\"publisher\":{\"@id\":\"https:\/\/gwadametalcaraibes.com\/#organization\"},\"potentialAction\":[{\"@type\":\"SearchAction\",\"target\":{\"@type\":\"EntryPoint\",\"urlTemplate\":\"https:\/\/gwadametalcaraibes.com\/?s={search_term_string}\"},\"query-input\":\"required name=search_term_string\"}],\"inLanguage\":\"en-US\"},{\"@type\":\"Organization\",\"@id\":\"https:\/\/gwadametalcaraibes.com\/#organization\",\"name\":\"Gwada M\u00e9tal Cara\u00efbes\",\"url\":\"https:\/\/gwadametalcaraibes.com\/\",\"logo\":{\"@type\":\"ImageObject\",\"inLanguage\":\"en-US\",\"@id\":\"https:\/\/gwadametalcaraibes.com\/#\/schema\/logo\/image\/\",\"url\":\"https:\/\/gwadametalcaraibes.com\/wp-content\/uploads\/2022\/07\/cropped-longo-transparent-avec-rond-1.png\",\"contentUrl\":\"https:\/\/gwadametalcaraibes.com\/wp-content\/uploads\/2022\/07\/cropped-longo-transparent-avec-rond-1.png\",\"width\":1080,\"height\":1080,\"caption\":\"Gwada M\u00e9tal Cara\u00efbes\"},\"image\":{\"@id\":\"https:\/\/gwadametalcaraibes.com\/#\/schema\/logo\/image\/\"}}]}<\/script>\n<!-- \/ Yoast SEO plugin. -->","yoast_head_json":{"title":"Contact - Gwada M\u00e9tal Cara\u00efbes","description":"Vous souhaitez avoir plus de renseignements sur nos services de fabrication et de pose d'ouvrage m\u00e9tallurgique ? contactez-nous !","robots":{"index":"index","follow":"follow","max-snippet":"max-snippet:-1","max-image-preview":"max-image-preview:large","max-video-preview":"max-video-preview:-1"},"canonical":"https:\/\/gwadametalcaraibes.com\/index.php\/contact\/","og_locale":"en_US","og_type":"article","og_title":"Contact - Gwada M\u00e9tal Cara\u00efbes","og_description":"Vous souhaitez avoir plus de renseignements sur nos services de fabrication et de pose d'ouvrage m\u00e9tallurgique ? contactez-nous !","og_url":"https:\/\/gwadametalcaraibes.com\/index.php\/contact\/","og_site_name":"Gwada M\u00e9tal Cara\u00efbes","article_modified_time":"2024-02-04T23:08:23+00:00","og_image":[{"url":"https:\/\/gwadametalcaraibes.com\/wp-content\/uploads\/elementor\/thumbs\/Gwada-Metal-Caraibes-prj1nrxo04z3xlz2jp3w3tl5x4o9wcy5nc7jt9bngo.png"}],"twitter_card":"summary_large_image","twitter_misc":{"Est. reading time":"1 minute"},"schema":{"@context":"https:\/\/schema.org","@graph":[{"@type":"WebPage","@id":"https:\/\/gwadametalcaraibes.com\/index.php\/contact\/","url":"https:\/\/gwadametalcaraibes.com\/index.php\/contact\/","name":"Contact - Gwada M\u00e9tal Cara\u00efbes","isPartOf":{"@id":"https:\/\/gwadametalcaraibes.com\/#website"},"datePublished":"2018-07-28T14:07:51+00:00","dateModified":"2024-02-04T23:08:23+00:00","description":"Vous souhaitez avoir plus de renseignements sur nos services de fabrication et de pose d'ouvrage m\u00e9tallurgique ? contactez-nous !","breadcrumb":{"@id":"https:\/\/gwadametalcaraibes.com\/index.php\/contact\/#breadcrumb"},"inLanguage":"en-US","potentialAction":[{"@type":"ReadAction","target":["https:\/\/gwadametalcaraibes.com\/index.php\/contact\/"]}]},{"@type":"BreadcrumbList","@id":"https:\/\/gwadametalcaraibes.com\/index.php\/contact\/#breadcrumb","itemListElement":[{"@type":"ListItem","position":1,"name":"Accueil","item":"https:\/\/gwadametalcaraibes.com\/"},{"@type":"ListItem","position":2,"name":"Contact"}]},{"@type":"WebSite","@id":"https:\/\/gwadametalcaraibes.com\/#website","url":"https:\/\/gwadametalcaraibes.com\/","name":"Gwada M\u00e9tal Cara\u00efbes","description":"Rapidit\u00e9, efficacit\u00e9, qualit\u00e9 ","publisher":{"@id":"https:\/\/gwadametalcaraibes.com\/#organization"},"potentialAction":[{"@type":"SearchAction","target":{"@type":"EntryPoint","urlTemplate":"https:\/\/gwadametalcaraibes.com\/?s={search_term_string}"},"query-input":"required name=search_term_string"}],"inLanguage":"en-US"},{"@type":"Organization","@id":"https:\/\/gwadametalcaraibes.com\/#organization","name":"Gwada M\u00e9tal Cara\u00efbes","url":"https:\/\/gwadametalcaraibes.com\/","logo":{"@type":"ImageObject","inLanguage":"en-US","@id":"https:\/\/gwadametalcaraibes.com\/#\/schema\/logo\/image\/","url":"https:\/\/gwadametalcaraibes.com\/wp-content\/uploads\/2022\/07\/cropped-longo-transparent-avec-rond-1.png","contentUrl":"https:\/\/gwadametalcaraibes.com\/wp-content\/uploads\/2022\/07\/cropped-longo-transparent-avec-rond-1.png","width":1080,"height":1080,"caption":"Gwada M\u00e9tal Cara\u00efbes"},"image":{"@id":"https:\/\/gwadametalcaraibes.com\/#\/schema\/logo\/image\/"}}]}},"_links":{"self":[{"href":"https:\/\/gwadametalcaraibes.com\/index.php\/wp-json\/wp\/v2\/pages\/350","targetHints":{"allow":["GET"]}}],"collection":[{"href":"https:\/\/gwadametalcaraibes.com\/index.php\/wp-json\/wp\/v2\/pages"}],"about":[{"href":"https:\/\/gwadametalcaraibes.com\/index.php\/wp-json\/wp\/v2\/types\/page"}],"author":[{"embeddable":true,"href":"https:\/\/gwadametalcaraibes.com\/index.php\/wp-json\/wp\/v2\/users\/1"}],"replies":[{"embeddable":true,"href":"https:\/\/gwadametalcaraibes.com\/index.php\/wp-json\/wp\/v2\/comments?post=350"}],"version-history":[{"count":87,"href":"https:\/\/gwadametalcaraibes.com\/index.php\/wp-json\/wp\/v2\/pages\/350\/revisions"}],"predecessor-version":[{"id":3599,"href":"https:\/\/gwadametalcaraibes.com\/index.php\/wp-json\/wp\/v2\/pages\/350\/revisions\/3599"}],"wp:attachment":[{"href":"https:\/\/gwadametalcaraibes.com\/index.php\/wp-json\/wp\/v2\/media?parent=350"}],"curies":[{"name":"wp","href":"https:\/\/api.w.org\/{rel}","templated":true}]}}