{"id":3539,"date":"2023-04-09T06:20:24","date_gmt":"2023-04-09T04:20:24","guid":{"rendered":"https:\/\/gwadametalcaraibes.com\/?page_id=3539"},"modified":"2023-04-09T06:51:27","modified_gmt":"2023-04-09T04:51:27","slug":"nos-reseaux-sociaux","status":"publish","type":"page","link":"https:\/\/gwadametalcaraibes.com\/index.php\/nos-reseaux-sociaux\/","title":{"rendered":"Nos r\u00e9seaux sociaux"},"content":{"rendered":"\t\t<div data-elementor-type=\"wp-page\" data-elementor-id=\"3539\" class=\"elementor elementor-3539\">\n\t\t\t\t\t\t\t\t\t<section class=\"elementor-section elementor-top-section elementor-element elementor-element-7e5d443 elementor-section-stretched elementor-section-boxed elementor-section-height-default elementor-section-height-default\" data-id=\"7e5d443\" data-element_type=\"section\" data-settings=\"{&quot;stretch_section&quot;:&quot;section-stretched&quot;}\">\n\t\t\t\t\t\t<div class=\"elementor-container elementor-column-gap-default\">\n\t\t\t\t\t<div class=\"elementor-column elementor-col-50 elementor-top-column elementor-element elementor-element-a794d49\" data-id=\"a794d49\" data-element_type=\"column\">\n\t\t\t<div class=\"elementor-widget-wrap elementor-element-populated\">\n\t\t\t\t\t\t\t\t<div class=\"elementor-element elementor-element-a6b69c0 elementor-align-center elementor-invisible elementor-widget elementor-widget-button\" data-id=\"a6b69c0\" data-element_type=\"widget\" data-settings=\"{&quot;_animation&quot;:&quot;zoomInLeft&quot;}\" data-widget_type=\"button.default\">\n\t\t\t\t<div class=\"elementor-widget-container\">\n\t\t\t\t\t<div class=\"elementor-button-wrapper\">\n\t\t\t<a class=\"elementor-button elementor-button-link elementor-size-xl\" href=\"https:\/\/www.instagram.com\/gwadametalcaraibes\/\">\n\t\t\t\t\t\t<span class=\"elementor-button-content-wrapper\">\n\t\t\t\t\t\t<span class=\"elementor-button-text\">INSTAGRAM<\/span>\n\t\t<\/span>\n\t\t\t\t\t<\/a>\n\t\t<\/div>\n\t\t\t\t<\/div>\n\t\t\t\t<\/div>\n\t\t\t\t\t<\/div>\n\t\t<\/div>\n\t\t\t\t<div class=\"elementor-column elementor-col-50 elementor-top-column elementor-element elementor-element-4e27ad3 elementor-invisible\" data-id=\"4e27ad3\" data-element_type=\"column\" data-settings=\"{&quot;animation&quot;:&quot;rotateInDownRight&quot;}\">\n\t\t\t<div class=\"elementor-widget-wrap elementor-element-populated\">\n\t\t\t\t\t\t\t\t<div class=\"elementor-element elementor-element-9d3dee6 elementor-widget elementor-widget-image\" data-id=\"9d3dee6\" data-element_type=\"widget\" data-widget_type=\"image.default\">\n\t\t\t\t<div class=\"elementor-widget-container\">\n\t\t\t<style>\/*! elementor - v3.18.0 - 20-12-2023 *\/\n.elementor-widget-image{text-align:center}.elementor-widget-image a{display:inline-block}.elementor-widget-image a img[src$=\".svg\"]{width:48px}.elementor-widget-image img{vertical-align:middle;display:inline-block}<\/style>\t\t\t\t\t\t\t\t\t\t\t\t<img fetchpriority=\"high\" decoding=\"async\" width=\"940\" height=\"940\" src=\"https:\/\/gwadametalcaraibes.com\/wp-content\/uploads\/2023\/04\/GMC-instagram-1024x1024.png\" class=\"attachment-large size-large wp-image-3543\" alt=\"\" srcset=\"https:\/\/gwadametalcaraibes.com\/wp-content\/uploads\/2023\/04\/GMC-instagram-1024x1024.png 1024w, https:\/\/gwadametalcaraibes.com\/wp-content\/uploads\/2023\/04\/GMC-instagram-300x300.png 300w, https:\/\/gwadametalcaraibes.com\/wp-content\/uploads\/2023\/04\/GMC-instagram-150x150.png 150w, https:\/\/gwadametalcaraibes.com\/wp-content\/uploads\/2023\/04\/GMC-instagram-768x768.png 768w, https:\/\/gwadametalcaraibes.com\/wp-content\/uploads\/2023\/04\/GMC-instagram-285x285.png 285w, https:\/\/gwadametalcaraibes.com\/wp-content\/uploads\/2023\/04\/GMC-instagram-270x270.png 270w, https:\/\/gwadametalcaraibes.com\/wp-content\/uploads\/2023\/04\/GMC-instagram-540x540.png 540w, https:\/\/gwadametalcaraibes.com\/wp-content\/uploads\/2023\/04\/GMC-instagram-660x660.png 660w, https:\/\/gwadametalcaraibes.com\/wp-content\/uploads\/2023\/04\/GMC-instagram.png 1080w\" sizes=\"(max-width: 940px) 100vw, 940px\" \/>\t\t\t\t\t\t\t\t\t\t\t\t\t\t\t<\/div>\n\t\t\t\t<\/div>\n\t\t\t\t\t<\/div>\n\t\t<\/div>\n\t\t\t\t\t\t\t<\/div>\n\t\t<\/section>\n\t\t\t\t<section class=\"elementor-section elementor-top-section elementor-element elementor-element-c983b2c elementor-section-stretched elementor-section-boxed elementor-section-height-default elementor-section-height-default\" data-id=\"c983b2c\" data-element_type=\"section\" data-settings=\"{&quot;stretch_section&quot;:&quot;section-stretched&quot;}\">\n\t\t\t\t\t\t<div class=\"elementor-container elementor-column-gap-default\">\n\t\t\t\t\t<div class=\"elementor-column elementor-col-50 elementor-top-column elementor-element elementor-element-354ed0f elementor-invisible\" data-id=\"354ed0f\" data-element_type=\"column\" data-settings=\"{&quot;animation&quot;:&quot;rotateInDownLeft&quot;}\">\n\t\t\t<div class=\"elementor-widget-wrap elementor-element-populated\">\n\t\t\t\t\t\t\t\t<div class=\"elementor-element elementor-element-268802d elementor-widget elementor-widget-image\" data-id=\"268802d\" data-element_type=\"widget\" data-widget_type=\"image.default\">\n\t\t\t\t<div class=\"elementor-widget-container\">\n\t\t\t\t\t\t\t\t\t\t\t\t\t\t\t<img decoding=\"async\" width=\"940\" height=\"940\" src=\"https:\/\/gwadametalcaraibes.com\/wp-content\/uploads\/2023\/04\/GMC-Facebook-1024x1024.png\" class=\"attachment-large size-large wp-image-3542\" alt=\"\" srcset=\"https:\/\/gwadametalcaraibes.com\/wp-content\/uploads\/2023\/04\/GMC-Facebook-1024x1024.png 1024w, https:\/\/gwadametalcaraibes.com\/wp-content\/uploads\/2023\/04\/GMC-Facebook-300x300.png 300w, https:\/\/gwadametalcaraibes.com\/wp-content\/uploads\/2023\/04\/GMC-Facebook-150x150.png 150w, https:\/\/gwadametalcaraibes.com\/wp-content\/uploads\/2023\/04\/GMC-Facebook-768x768.png 768w, https:\/\/gwadametalcaraibes.com\/wp-content\/uploads\/2023\/04\/GMC-Facebook-285x285.png 285w, https:\/\/gwadametalcaraibes.com\/wp-content\/uploads\/2023\/04\/GMC-Facebook-270x270.png 270w, https:\/\/gwadametalcaraibes.com\/wp-content\/uploads\/2023\/04\/GMC-Facebook-540x540.png 540w, https:\/\/gwadametalcaraibes.com\/wp-content\/uploads\/2023\/04\/GMC-Facebook-660x660.png 660w, https:\/\/gwadametalcaraibes.com\/wp-content\/uploads\/2023\/04\/GMC-Facebook.png 1080w\" sizes=\"(max-width: 940px) 100vw, 940px\" \/>\t\t\t\t\t\t\t\t\t\t\t\t\t\t\t<\/div>\n\t\t\t\t<\/div>\n\t\t\t\t\t<\/div>\n\t\t<\/div>\n\t\t\t\t<div class=\"elementor-column elementor-col-50 elementor-top-column elementor-element elementor-element-cb64866 elementor-invisible\" data-id=\"cb64866\" data-element_type=\"column\" data-settings=\"{&quot;animation&quot;:&quot;zoomInRight&quot;}\">\n\t\t\t<div class=\"elementor-widget-wrap elementor-element-populated\">\n\t\t\t\t\t\t\t\t<div class=\"elementor-element elementor-element-02b0ba9 elementor-align-center elementor-widget elementor-widget-button\" data-id=\"02b0ba9\" data-element_type=\"widget\" data-widget_type=\"button.default\">\n\t\t\t\t<div class=\"elementor-widget-container\">\n\t\t\t\t\t<div class=\"elementor-button-wrapper\">\n\t\t\t<a class=\"elementor-button elementor-button-link elementor-size-xl\" href=\"https:\/\/www.facebook.com\/profile.php?id=100075457466289\">\n\t\t\t\t\t\t<span class=\"elementor-button-content-wrapper\">\n\t\t\t\t\t\t<span class=\"elementor-button-text\">FACEBOOK<\/span>\n\t\t<\/span>\n\t\t\t\t\t<\/a>\n\t\t<\/div>\n\t\t\t\t<\/div>\n\t\t\t\t<\/div>\n\t\t\t\t\t<\/div>\n\t\t<\/div>\n\t\t\t\t\t\t\t<\/div>\n\t\t<\/section>\n\t\t\t\t<section class=\"elementor-section elementor-top-section elementor-element elementor-element-c51605c elementor-section-stretched elementor-section-boxed elementor-section-height-default elementor-section-height-default\" data-id=\"c51605c\" data-element_type=\"section\" data-settings=\"{&quot;stretch_section&quot;:&quot;section-stretched&quot;}\">\n\t\t\t\t\t\t<div class=\"elementor-container elementor-column-gap-default\">\n\t\t\t\t\t<div class=\"elementor-column elementor-col-50 elementor-top-column elementor-element elementor-element-ae1c84b elementor-invisible\" data-id=\"ae1c84b\" data-element_type=\"column\" data-settings=\"{&quot;animation&quot;:&quot;zoomInRight&quot;}\">\n\t\t\t<div class=\"elementor-widget-wrap elementor-element-populated\">\n\t\t\t\t\t\t\t\t<div class=\"elementor-element elementor-element-feb7f55 elementor-align-center elementor-widget elementor-widget-button\" data-id=\"feb7f55\" data-element_type=\"widget\" data-widget_type=\"button.default\">\n\t\t\t\t<div class=\"elementor-widget-container\">\n\t\t\t\t\t<div class=\"elementor-button-wrapper\">\n\t\t\t<a class=\"elementor-button elementor-button-link elementor-size-xl\" href=\"https:\/\/www.linkedin.com\/company\/gwada-m\u00e9tal-cara\u00efbes\/?viewAsMember=true\">\n\t\t\t\t\t\t<span class=\"elementor-button-content-wrapper\">\n\t\t\t\t\t\t<span class=\"elementor-button-text\">LINKEDIN<\/span>\n\t\t<\/span>\n\t\t\t\t\t<\/a>\n\t\t<\/div>\n\t\t\t\t<\/div>\n\t\t\t\t<\/div>\n\t\t\t\t\t<\/div>\n\t\t<\/div>\n\t\t\t\t<div class=\"elementor-column elementor-col-50 elementor-top-column elementor-element elementor-element-c1ce785 elementor-invisible\" data-id=\"c1ce785\" data-element_type=\"column\" data-settings=\"{&quot;animation&quot;:&quot;rotateInDownLeft&quot;}\">\n\t\t\t<div class=\"elementor-widget-wrap elementor-element-populated\">\n\t\t\t\t\t\t\t\t<div class=\"elementor-element elementor-element-1b60425 elementor-invisible elementor-widget elementor-widget-image\" data-id=\"1b60425\" data-element_type=\"widget\" data-settings=\"{&quot;_animation&quot;:&quot;bounceInDown&quot;}\" data-widget_type=\"image.default\">\n\t\t\t\t<div class=\"elementor-widget-container\">\n\t\t\t\t\t\t\t\t\t\t\t\t\t\t\t<img decoding=\"async\" width=\"940\" height=\"940\" src=\"https:\/\/gwadametalcaraibes.com\/wp-content\/uploads\/2023\/04\/GMC-Linkedin-1024x1024.png\" class=\"attachment-large size-large wp-image-3544\" alt=\"\" srcset=\"https:\/\/gwadametalcaraibes.com\/wp-content\/uploads\/2023\/04\/GMC-Linkedin-1024x1024.png 1024w, https:\/\/gwadametalcaraibes.com\/wp-content\/uploads\/2023\/04\/GMC-Linkedin-300x300.png 300w, https:\/\/gwadametalcaraibes.com\/wp-content\/uploads\/2023\/04\/GMC-Linkedin-150x150.png 150w, https:\/\/gwadametalcaraibes.com\/wp-content\/uploads\/2023\/04\/GMC-Linkedin-768x768.png 768w, https:\/\/gwadametalcaraibes.com\/wp-content\/uploads\/2023\/04\/GMC-Linkedin-285x285.png 285w, https:\/\/gwadametalcaraibes.com\/wp-content\/uploads\/2023\/04\/GMC-Linkedin-270x270.png 270w, https:\/\/gwadametalcaraibes.com\/wp-content\/uploads\/2023\/04\/GMC-Linkedin-540x540.png 540w, https:\/\/gwadametalcaraibes.com\/wp-content\/uploads\/2023\/04\/GMC-Linkedin-660x660.png 660w, https:\/\/gwadametalcaraibes.com\/wp-content\/uploads\/2023\/04\/GMC-Linkedin.png 1080w\" sizes=\"(max-width: 940px) 100vw, 940px\" \/>\t\t\t\t\t\t\t\t\t\t\t\t\t\t\t<\/div>\n\t\t\t\t<\/div>\n\t\t\t\t\t<\/div>\n\t\t<\/div>\n\t\t\t\t\t\t\t<\/div>\n\t\t<\/section>\n\t\t\t\t<section class=\"elementor-section elementor-top-section elementor-element elementor-element-95a5b47 elementor-section-stretched elementor-section-boxed elementor-section-height-default elementor-section-height-default\" data-id=\"95a5b47\" data-element_type=\"section\" data-settings=\"{&quot;stretch_section&quot;:&quot;section-stretched&quot;}\">\n\t\t\t\t\t\t<div class=\"elementor-container elementor-column-gap-default\">\n\t\t\t\t\t<div class=\"elementor-column elementor-col-50 elementor-top-column elementor-element elementor-element-53171dc elementor-invisible\" data-id=\"53171dc\" data-element_type=\"column\" data-settings=\"{&quot;animation&quot;:&quot;rotateInDownLeft&quot;}\">\n\t\t\t<div class=\"elementor-widget-wrap elementor-element-populated\">\n\t\t\t\t\t\t\t\t<div class=\"elementor-element elementor-element-05a0482 elementor-widget elementor-widget-image\" data-id=\"05a0482\" data-element_type=\"widget\" data-widget_type=\"image.default\">\n\t\t\t\t<div class=\"elementor-widget-container\">\n\t\t\t\t\t\t\t\t\t\t\t\t\t\t\t<img loading=\"lazy\" decoding=\"async\" width=\"940\" height=\"940\" src=\"https:\/\/gwadametalcaraibes.com\/wp-content\/uploads\/2023\/04\/GMC-site-internet-1024x1024.png\" class=\"attachment-large size-large wp-image-3545\" alt=\"\" srcset=\"https:\/\/gwadametalcaraibes.com\/wp-content\/uploads\/2023\/04\/GMC-site-internet-1024x1024.png 1024w, https:\/\/gwadametalcaraibes.com\/wp-content\/uploads\/2023\/04\/GMC-site-internet-300x300.png 300w, https:\/\/gwadametalcaraibes.com\/wp-content\/uploads\/2023\/04\/GMC-site-internet-150x150.png 150w, https:\/\/gwadametalcaraibes.com\/wp-content\/uploads\/2023\/04\/GMC-site-internet-768x768.png 768w, https:\/\/gwadametalcaraibes.com\/wp-content\/uploads\/2023\/04\/GMC-site-internet-285x285.png 285w, https:\/\/gwadametalcaraibes.com\/wp-content\/uploads\/2023\/04\/GMC-site-internet-270x270.png 270w, https:\/\/gwadametalcaraibes.com\/wp-content\/uploads\/2023\/04\/GMC-site-internet-540x540.png 540w, https:\/\/gwadametalcaraibes.com\/wp-content\/uploads\/2023\/04\/GMC-site-internet-660x660.png 660w, https:\/\/gwadametalcaraibes.com\/wp-content\/uploads\/2023\/04\/GMC-site-internet.png 1080w\" sizes=\"(max-width: 940px) 100vw, 940px\" \/>\t\t\t\t\t\t\t\t\t\t\t\t\t\t\t<\/div>\n\t\t\t\t<\/div>\n\t\t\t\t\t<\/div>\n\t\t<\/div>\n\t\t\t\t<div class=\"elementor-column elementor-col-50 elementor-top-column elementor-element elementor-element-c848fe6 elementor-invisible\" data-id=\"c848fe6\" data-element_type=\"column\" data-settings=\"{&quot;animation&quot;:&quot;zoomInDown&quot;}\">\n\t\t\t<div class=\"elementor-widget-wrap elementor-element-populated\">\n\t\t\t\t\t\t\t\t<div class=\"elementor-element elementor-element-c70e460 elementor-align-center elementor-widget elementor-widget-button\" data-id=\"c70e460\" data-element_type=\"widget\" data-widget_type=\"button.default\">\n\t\t\t\t<div class=\"elementor-widget-container\">\n\t\t\t\t\t<div class=\"elementor-button-wrapper\">\n\t\t\t<a class=\"elementor-button elementor-button-link elementor-size-xl\" href=\"https:\/\/gwadametalcaraibes.com\">\n\t\t\t\t\t\t<span class=\"elementor-button-content-wrapper\">\n\t\t\t\t\t\t<span class=\"elementor-button-text\">SITE WEB<\/span>\n\t\t<\/span>\n\t\t\t\t\t<\/a>\n\t\t<\/div>\n\t\t\t\t<\/div>\n\t\t\t\t<\/div>\n\t\t\t\t\t<\/div>\n\t\t<\/div>\n\t\t\t\t\t\t\t<\/div>\n\t\t<\/section>\n\t\t\t\t\t\t\t<\/div>\n\t\t","protected":false},"excerpt":{"rendered":"<p>INSTAGRAM FACEBOOK LINKEDIN SITE WEB<\/p>\n","protected":false},"author":1,"featured_media":0,"parent":0,"menu_order":0,"comment_status":"closed","ping_status":"closed","template":"","meta":{"om_disable_all_campaigns":false,"_monsterinsights_skip_tracking":false,"_monsterinsights_sitenote_active":false,"_monsterinsights_sitenote_note":"","_monsterinsights_sitenote_category":0,"footnotes":""},"class_list":["post-3539","page","type-page","status-publish","hentry"],"aioseo_notices":[],"yoast_head":"<!-- This site is optimized with the Yoast SEO plugin v21.9.1 - https:\/\/yoast.com\/wordpress\/plugins\/seo\/ -->\n<title>Nos r\u00e9seaux sociaux - Gwada M\u00e9tal Cara\u00efbes<\/title>\n<meta name=\"robots\" content=\"index, follow, max-snippet:-1, max-image-preview:large, max-video-preview:-1\" \/>\n<link rel=\"canonical\" href=\"https:\/\/gwadametalcaraibes.com\/index.php\/nos-reseaux-sociaux\/\" \/>\n<meta property=\"og:locale\" content=\"en_US\" \/>\n<meta property=\"og:type\" content=\"article\" \/>\n<meta property=\"og:title\" content=\"Nos r\u00e9seaux sociaux - Gwada M\u00e9tal Cara\u00efbes\" \/>\n<meta property=\"og:description\" content=\"INSTAGRAM FACEBOOK LINKEDIN SITE WEB\" \/>\n<meta property=\"og:url\" content=\"https:\/\/gwadametalcaraibes.com\/index.php\/nos-reseaux-sociaux\/\" \/>\n<meta property=\"og:site_name\" content=\"Gwada M\u00e9tal Cara\u00efbes\" \/>\n<meta property=\"article:modified_time\" content=\"2023-04-09T04:51:27+00:00\" \/>\n<meta property=\"og:image\" content=\"https:\/\/gwadametalcaraibes.com\/wp-content\/uploads\/2023\/04\/GMC-instagram-1024x1024.png\" \/>\n<meta name=\"twitter:card\" content=\"summary_large_image\" \/>\n<script type=\"application\/ld+json\" class=\"yoast-schema-graph\">{\"@context\":\"https:\/\/schema.org\",\"@graph\":[{\"@type\":\"WebPage\",\"@id\":\"https:\/\/gwadametalcaraibes.com\/index.php\/nos-reseaux-sociaux\/\",\"url\":\"https:\/\/gwadametalcaraibes.com\/index.php\/nos-reseaux-sociaux\/\",\"name\":\"Nos r\u00e9seaux sociaux - Gwada M\u00e9tal Cara\u00efbes\",\"isPartOf\":{\"@id\":\"https:\/\/gwadametalcaraibes.com\/#website\"},\"datePublished\":\"2023-04-09T04:20:24+00:00\",\"dateModified\":\"2023-04-09T04:51:27+00:00\",\"breadcrumb\":{\"@id\":\"https:\/\/gwadametalcaraibes.com\/index.php\/nos-reseaux-sociaux\/#breadcrumb\"},\"inLanguage\":\"en-US\",\"potentialAction\":[{\"@type\":\"ReadAction\",\"target\":[\"https:\/\/gwadametalcaraibes.com\/index.php\/nos-reseaux-sociaux\/\"]}]},{\"@type\":\"BreadcrumbList\",\"@id\":\"https:\/\/gwadametalcaraibes.com\/index.php\/nos-reseaux-sociaux\/#breadcrumb\",\"itemListElement\":[{\"@type\":\"ListItem\",\"position\":1,\"name\":\"Accueil\",\"item\":\"https:\/\/gwadametalcaraibes.com\/\"},{\"@type\":\"ListItem\",\"position\":2,\"name\":\"Nos r\u00e9seaux sociaux\"}]},{\"@type\":\"WebSite\",\"@id\":\"https:\/\/gwadametalcaraibes.com\/#website\",\"url\":\"https:\/\/gwadametalcaraibes.com\/\",\"name\":\"Gwada M\u00e9tal Cara\u00efbes\",\"description\":\"Rapidit\u00e9, efficacit\u00e9, qualit\u00e9 \",\"publisher\":{\"@id\":\"https:\/\/gwadametalcaraibes.com\/#organization\"},\"potentialAction\":[{\"@type\":\"SearchAction\",\"target\":{\"@type\":\"EntryPoint\",\"urlTemplate\":\"https:\/\/gwadametalcaraibes.com\/?s={search_term_string}\"},\"query-input\":\"required name=search_term_string\"}],\"inLanguage\":\"en-US\"},{\"@type\":\"Organization\",\"@id\":\"https:\/\/gwadametalcaraibes.com\/#organization\",\"name\":\"Gwada M\u00e9tal Cara\u00efbes\",\"url\":\"https:\/\/gwadametalcaraibes.com\/\",\"logo\":{\"@type\":\"ImageObject\",\"inLanguage\":\"en-US\",\"@id\":\"https:\/\/gwadametalcaraibes.com\/#\/schema\/logo\/image\/\",\"url\":\"https:\/\/gwadametalcaraibes.com\/wp-content\/uploads\/2022\/07\/cropped-longo-transparent-avec-rond-1.png\",\"contentUrl\":\"https:\/\/gwadametalcaraibes.com\/wp-content\/uploads\/2022\/07\/cropped-longo-transparent-avec-rond-1.png\",\"width\":1080,\"height\":1080,\"caption\":\"Gwada M\u00e9tal Cara\u00efbes\"},\"image\":{\"@id\":\"https:\/\/gwadametalcaraibes.com\/#\/schema\/logo\/image\/\"}}]}<\/script>\n<!-- \/ Yoast SEO plugin. -->","yoast_head_json":{"title":"Nos r\u00e9seaux sociaux - Gwada M\u00e9tal Cara\u00efbes","robots":{"index":"index","follow":"follow","max-snippet":"max-snippet:-1","max-image-preview":"max-image-preview:large","max-video-preview":"max-video-preview:-1"},"canonical":"https:\/\/gwadametalcaraibes.com\/index.php\/nos-reseaux-sociaux\/","og_locale":"en_US","og_type":"article","og_title":"Nos r\u00e9seaux sociaux - Gwada M\u00e9tal Cara\u00efbes","og_description":"INSTAGRAM FACEBOOK LINKEDIN SITE WEB","og_url":"https:\/\/gwadametalcaraibes.com\/index.php\/nos-reseaux-sociaux\/","og_site_name":"Gwada M\u00e9tal Cara\u00efbes","article_modified_time":"2023-04-09T04:51:27+00:00","og_image":[{"url":"https:\/\/gwadametalcaraibes.com\/wp-content\/uploads\/2023\/04\/GMC-instagram-1024x1024.png"}],"twitter_card":"summary_large_image","schema":{"@context":"https:\/\/schema.org","@graph":[{"@type":"WebPage","@id":"https:\/\/gwadametalcaraibes.com\/index.php\/nos-reseaux-sociaux\/","url":"https:\/\/gwadametalcaraibes.com\/index.php\/nos-reseaux-sociaux\/","name":"Nos r\u00e9seaux sociaux - Gwada M\u00e9tal Cara\u00efbes","isPartOf":{"@id":"https:\/\/gwadametalcaraibes.com\/#website"},"datePublished":"2023-04-09T04:20:24+00:00","dateModified":"2023-04-09T04:51:27+00:00","breadcrumb":{"@id":"https:\/\/gwadametalcaraibes.com\/index.php\/nos-reseaux-sociaux\/#breadcrumb"},"inLanguage":"en-US","potentialAction":[{"@type":"ReadAction","target":["https:\/\/gwadametalcaraibes.com\/index.php\/nos-reseaux-sociaux\/"]}]},{"@type":"BreadcrumbList","@id":"https:\/\/gwadametalcaraibes.com\/index.php\/nos-reseaux-sociaux\/#breadcrumb","itemListElement":[{"@type":"ListItem","position":1,"name":"Accueil","item":"https:\/\/gwadametalcaraibes.com\/"},{"@type":"ListItem","position":2,"name":"Nos r\u00e9seaux sociaux"}]},{"@type":"WebSite","@id":"https:\/\/gwadametalcaraibes.com\/#website","url":"https:\/\/gwadametalcaraibes.com\/","name":"Gwada M\u00e9tal Cara\u00efbes","description":"Rapidit\u00e9, efficacit\u00e9, qualit\u00e9 ","publisher":{"@id":"https:\/\/gwadametalcaraibes.com\/#organization"},"potentialAction":[{"@type":"SearchAction","target":{"@type":"EntryPoint","urlTemplate":"https:\/\/gwadametalcaraibes.com\/?s={search_term_string}"},"query-input":"required name=search_term_string"}],"inLanguage":"en-US"},{"@type":"Organization","@id":"https:\/\/gwadametalcaraibes.com\/#organization","name":"Gwada M\u00e9tal Cara\u00efbes","url":"https:\/\/gwadametalcaraibes.com\/","logo":{"@type":"ImageObject","inLanguage":"en-US","@id":"https:\/\/gwadametalcaraibes.com\/#\/schema\/logo\/image\/","url":"https:\/\/gwadametalcaraibes.com\/wp-content\/uploads\/2022\/07\/cropped-longo-transparent-avec-rond-1.png","contentUrl":"https:\/\/gwadametalcaraibes.com\/wp-content\/uploads\/2022\/07\/cropped-longo-transparent-avec-rond-1.png","width":1080,"height":1080,"caption":"Gwada M\u00e9tal Cara\u00efbes"},"image":{"@id":"https:\/\/gwadametalcaraibes.com\/#\/schema\/logo\/image\/"}}]}},"_links":{"self":[{"href":"https:\/\/gwadametalcaraibes.com\/index.php\/wp-json\/wp\/v2\/pages\/3539","targetHints":{"allow":["GET"]}}],"collection":[{"href":"https:\/\/gwadametalcaraibes.com\/index.php\/wp-json\/wp\/v2\/pages"}],"about":[{"href":"https:\/\/gwadametalcaraibes.com\/index.php\/wp-json\/wp\/v2\/types\/page"}],"author":[{"embeddable":true,"href":"https:\/\/gwadametalcaraibes.com\/index.php\/wp-json\/wp\/v2\/users\/1"}],"replies":[{"embeddable":true,"href":"https:\/\/gwadametalcaraibes.com\/index.php\/wp-json\/wp\/v2\/comments?post=3539"}],"version-history":[{"count":26,"href":"https:\/\/gwadametalcaraibes.com\/index.php\/wp-json\/wp\/v2\/pages\/3539\/revisions"}],"predecessor-version":[{"id":3578,"href":"https:\/\/gwadametalcaraibes.com\/index.php\/wp-json\/wp\/v2\/pages\/3539\/revisions\/3578"}],"wp:attachment":[{"href":"https:\/\/gwadametalcaraibes.com\/index.php\/wp-json\/wp\/v2\/media?parent=3539"}],"curies":[{"name":"wp","href":"https:\/\/api.w.org\/{rel}","templated":true}]}}